{"id":19050,"date":"2022-02-22T17:07:23","date_gmt":"2022-02-22T16:07:23","guid":{"rendered":"http:\/\/stage.rt-ecologique.fr\/?page_id=19050"},"modified":"2025-01-23T10:10:48","modified_gmt":"2025-01-23T09:10:48","slug":"pompe-a-chaleur","status":"publish","type":"page","link":"https:\/\/stage.rt-ecologique.fr\/?page_id=19050","title":{"rendered":"Qu&rsquo;est ce qu&rsquo;une pompe \u00e0 chaleur"},"content":{"rendered":"<h2>Pompe \u00e0 chaleur air\/eau<\/h2>\n<p>La pompe \u00e0 chaleur\u00a0air\/eau utilise l\u2019air ext\u00e9rieur pour y pr\u00e9lever les calories avant de les convertir en chaleur. Cette chaleur est ensuite diffus\u00e9e \u00e0 l\u2019int\u00e9rieur du logement par le biais de l\u2019eau des circuits de chauffage par le sol ou\u00a0des radiateurs \u00e0 eau.<\/p>\n<p>Le syst\u00e8me d\u2019une pompe \u00e0 chaleur air\/eau se compose de deux \u00e9l\u00e9ments principaux\u00a0:<\/p>\n<ul>\n<li>Un boitier externe, reli\u00e9 directement \u00e0 un circuit de transmission des calories, en fait la pompe en elle-m\u00eame,qui absorbe l\u2019air ext\u00e9rieur pour en r\u00e9cup\u00e9rer la chaleur.<\/li>\n<li>Un syst\u00e8me de chauffage domestique\u00a0(pr\u00e9existant ou non), par le sol ou par radiateurs \u00e0 eau.<\/li>\n<\/ul>\n<p>Ces deux \u00e9l\u00e9ments sont reli\u00e9s entre eux par un syst\u00e8me de canalisation o\u00f9 circule un fluide caloporteur (frigorig\u00e8ne) qui achemine la chaleur de l\u2019un \u00e0 l\u2019autre.<\/p>\n<p>Du fait de sa mati\u00e8re premi\u00e8re facilement accessible, l\u2019air, une pompe \u00e0 chaleur air\/eau est relativement\u00a0simple \u00e0 installer\u00a0: il suffit de disposer d\u2019un acc\u00e8s \u00e0 l\u2019air ext\u00e9rieur.<\/p>\n<p>Ainsi pour couvrir 100% de nos besoins de chauffage, il suffit de 70% d\u2019\u00e9nergie gratuite de l\u2019air et 30% d\u2019\u00e9lectricit\u00e9.<\/p>\n<p>L\u2019a\u00e9rothermie permet de r\u00e9aliser jusqu\u2019\u00e0 75% d\u2019\u00e9conomies de chauffage par rapport \u00e0 un chauffage classique.<\/p>\n<h2>Avantages<\/h2>\n<p><img decoding=\"async\" src=\"https:\/\/isogroup.fr\/images\/pompe-a-chaleur\/pompe-a-chaleur-icon-confort.svg\" alt=\"pompe a chaleur icon confort\" width=\"70\" height=\"68\" \/><\/p>\n<h3>Confort<\/h3>\n<p>0 % de travaux dans les pi\u00e8ces de vie. Confort 100 % identique \u00e0 aujourd\u2019hui.<\/p>\n<p><img decoding=\"async\" src=\"https:\/\/isogroup.fr\/images\/pompe-a-chaleur\/pompe-a-chaleur-icon-energie.svg\" alt=\"pompe a chaleur icon energie\" width=\"70\" height=\"67\" \/><\/p>\n<h3>\u00c9nergie<\/h3>\n<p>100 % des besoins annuels de chauffage couverts.<\/p>\n<p><img decoding=\"async\" src=\"https:\/\/isogroup.fr\/images\/pompe-a-chaleur\/pompe-a-chaleur-icon-fiabilite.svg\" alt=\"pompe a chaleur icon fiabilite\" width=\"51\" height=\"69\" \/><\/p>\n<h3>Fiabilit\u00e9<\/h3>\n<p>Fonctionnement jusqu\u2019\u00e0 -20\u00b0c ext\u00e9rieur. Un compresseur garantie 5 ans.<\/p>\n<p><img loading=\"lazy\" decoding=\"async\" src=\"https:\/\/isogroup.fr\/images\/pompe-a-chaleur\/pompe-a-chaleur-icon-ecologie.svg\" alt=\"pompe a chaleur icon ecologie\" width=\"57\" height=\"65\" \/><\/p>\n<h3>\u00c9cologie<\/h3>\n<p>80 % de CO\u00b2 en moins.<\/p>\n<p><img loading=\"lazy\" decoding=\"async\" src=\"https:\/\/isogroup.fr\/images\/pompe-a-chaleur\/pompe-a-chaleur-icon-economie.svg\" alt=\"pompe a chaleur icon economie\" width=\"70\" height=\"68\" \/><\/p>\n<h3>\u00c9conomie<\/h3>\n<p>Jusqu\u2019\u00e0 75% d\u2019\u00e9conomies de chauffage par rapport \u00e0 un chauffage classique.<\/p>\n<p>.<\/p>\n","protected":false},"excerpt":{"rendered":"<p>Pompe \u00e0 chaleur air\/eau La pompe \u00e0 chaleur\u00a0air\/eau utilise l\u2019air ext\u00e9rieur pour y pr\u00e9lever les calories avant de les convertir en chaleur. Cette chaleur est ensuite diffus\u00e9e \u00e0 l\u2019int\u00e9rieur du logement par le biais de l\u2019eau des circuits de chauffage par le sol ou\u00a0des radiateurs \u00e0 eau. Le syst\u00e8me d\u2019une pompe \u00e0 chaleur air\/eau se [&hellip;]<\/p>\n","protected":false},"author":1,"featured_media":0,"parent":0,"menu_order":0,"comment_status":"closed","ping_status":"closed","template":"","meta":{"_acf_changed":false,"footnotes":""},"class_list":["post-19050","page","type-page","status-publish","hentry"],"acf":[],"_links":{"self":[{"href":"https:\/\/stage.rt-ecologique.fr\/index.php?rest_route=\/wp\/v2\/pages\/19050","targetHints":{"allow":["GET"]}}],"collection":[{"href":"https:\/\/stage.rt-ecologique.fr\/index.php?rest_route=\/wp\/v2\/pages"}],"about":[{"href":"https:\/\/stage.rt-ecologique.fr\/index.php?rest_route=\/wp\/v2\/types\/page"}],"author":[{"embeddable":true,"href":"https:\/\/stage.rt-ecologique.fr\/index.php?rest_route=\/wp\/v2\/users\/1"}],"replies":[{"embeddable":true,"href":"https:\/\/stage.rt-ecologique.fr\/index.php?rest_route=%2Fwp%2Fv2%2Fcomments&post=19050"}],"version-history":[{"count":11,"href":"https:\/\/stage.rt-ecologique.fr\/index.php?rest_route=\/wp\/v2\/pages\/19050\/revisions"}],"predecessor-version":[{"id":19260,"href":"https:\/\/stage.rt-ecologique.fr\/index.php?rest_route=\/wp\/v2\/pages\/19050\/revisions\/19260"}],"wp:attachment":[{"href":"https:\/\/stage.rt-ecologique.fr\/index.php?rest_route=%2Fwp%2Fv2%2Fmedia&parent=19050"}],"curies":[{"name":"wp","href":"https:\/\/api.w.org\/{rel}","templated":true}]}}