{"id":17357,"date":"2020-07-11T03:50:41","date_gmt":"2020-07-11T01:50:41","guid":{"rendered":"http:\/\/demo.creativesplanet.com\/greenly\/greenly-site1\/?page_id=17357"},"modified":"2025-01-23T09:57:00","modified_gmt":"2025-01-23T08:57:00","slug":"about-us-1","status":"publish","type":"page","link":"https:\/\/stage.rt-ecologique.fr\/?page_id=17357","title":{"rendered":"\u00c0 propos"},"content":{"rendered":"\t\t<div data-elementor-type=\"wp-page\" data-elementor-id=\"17357\" class=\"elementor elementor-17357\" data-elementor-post-type=\"page\">\n\t\t\t\t\t\t<section class=\"elementor-section elementor-top-section elementor-element elementor-element-6c7b8a2 cspt-col-stretched-none cspt-bg-color-over-image elementor-section-boxed elementor-section-height-default elementor-section-height-default\" data-id=\"6c7b8a2\" data-element_type=\"section\">\n\t\t\t\t\t\t<div class=\"elementor-container elementor-column-gap-no\">\n\t\t\t\t\t<div class=\"elementor-column elementor-col-33 elementor-top-column elementor-element elementor-element-578ff4e cspt-bg-color-over-image\" data-id=\"578ff4e\" data-element_type=\"column\">\n\t\t\t<div class=\"elementor-widget-wrap elementor-element-populated\">\n\t\t\t\t\t\t<div class=\"elementor-element elementor-element-59ce820 cspt-align-left elementor-widget elementor-widget-cspt_heading\" data-id=\"59ce820\" data-element_type=\"widget\" data-widget_type=\"cspt_heading.default\">\n\t\t\t\t<div class=\"elementor-widget-container\">\n\t\t\t\t\t\t<div class=\"cspt-heading-subheading left-align cspt-reverse-heading-yes\"><h4 class=\"cspt-element-subtitle\">\r\n\t\t\t\r\n\t\t\t\t\u00c0 propos\r\n\t\t\t\r\n\t\t\t<\/h4>\r\n\t\t<h2 class=\"cspt-element-title\">\r\n\t\t\t\r\n\t\t\t\tR\u00e9seau Transition Ecologique\r\n\t\t\t\r\n\t\t\t<\/h2>\r\n\t\t<\/div>\t\t\t\t<\/div>\n\t\t\t\t<\/div>\n\t\t\t\t\t<\/div>\n\t\t<\/div>\n\t\t\t\t<div class=\"elementor-column elementor-col-33 elementor-top-column elementor-element elementor-element-e62c29b cspt-bg-color-over-image\" data-id=\"e62c29b\" data-element_type=\"column\">\n\t\t\t<div class=\"elementor-widget-wrap elementor-element-populated\">\n\t\t\t\t\t\t<div class=\"elementor-element elementor-element-01ce7fc elementor-widget elementor-widget-text-editor\" data-id=\"01ce7fc\" data-element_type=\"widget\" data-widget_type=\"text-editor.default\">\n\t\t\t\t<div class=\"elementor-widget-container\">\n\t\t\t\t\t\t\t\t\t<p>Implant\u00e9s depuis plus de 3 ans dans le domaine de la r\u00e9novation \u00e9nerg\u00e9tique, nous couvrons tout le secteur Nord-Ouest de la France avec plus de 500 chantiers \u00e0 notre actif. Au cours de ces ann\u00e9es, nous avons prouv\u00e9 notre efficacit\u00e9 en termes d&rsquo;am\u00e9lioration \u00e9nerg\u00e9tique.<\/p>\t\t\t\t\t\t\t\t<\/div>\n\t\t\t\t<\/div>\n\t\t\t\t\t<\/div>\n\t\t<\/div>\n\t\t\t\t<div class=\"elementor-column elementor-col-33 elementor-top-column elementor-element elementor-element-be89f61 cspt-bg-color-over-image\" data-id=\"be89f61\" data-element_type=\"column\">\n\t\t\t<div class=\"elementor-widget-wrap elementor-element-populated\">\n\t\t\t\t\t\t<div class=\"elementor-element elementor-element-6b83301 elementor-widget elementor-widget-text-editor\" data-id=\"6b83301\" data-element_type=\"widget\" data-widget_type=\"text-editor.default\">\n\t\t\t\t<div class=\"elementor-widget-container\">\n\t\t\t\t\t\t\t\t\t<p>Toutes nos \u00e9quipes sont qualifi\u00e9s dans chacun des domaines dans lesquelles elles \u00e9voluent. Nous sommes certifi\u00e9s Qualibat et RGE (Reconnu garant de l&rsquo;environnement). Nous favorisons l&rsquo;am\u00e9lioration \u00e9nerg\u00e9tique.<\/p>\t\t\t\t\t\t\t\t<\/div>\n\t\t\t\t<\/div>\n\t\t\t\t\t<\/div>\n\t\t<\/div>\n\t\t\t\t\t<\/div>\n\t\t<\/section>\n\t\t\t\t<section class=\"elementor-section elementor-top-section elementor-element elementor-element-583b152 cspt-bg-color-yes cspt-elementor-bg-color-light elementor-section-stretched cspt-col-stretched-none cspt-bg-color-over-image elementor-section-boxed elementor-section-height-default elementor-section-height-default\" data-id=\"583b152\" data-element_type=\"section\" data-settings=\"{&quot;stretch_section&quot;:&quot;section-stretched&quot;}\">\n\t\t\t\t\t\t<div class=\"elementor-container elementor-column-gap-extended\">\n\t\t\t\t\t<div class=\"elementor-column elementor-col-100 elementor-top-column elementor-element elementor-element-0755f7e cspt-bg-color-over-image\" data-id=\"0755f7e\" data-element_type=\"column\">\n\t\t\t<div class=\"elementor-widget-wrap elementor-element-populated\">\n\t\t\t\t\t\t<div class=\"elementor-element elementor-element-c988f72 cspt-align-center elementor-widget elementor-widget-cspt_multiple_icon_heading\" data-id=\"c988f72\" data-element_type=\"widget\" data-widget_type=\"cspt_multiple_icon_heading.default\">\n\t\t\t\t<div class=\"elementor-widget-container\">\n\t\t\t\t\t<div class=\"creativesplanet-element creativesplanet-element-miconheading cspt-element-miconheading-style-1 creativesplanet-element-viewtype-row-column\" data-show=\"3\" data-columns=\"4\" data-loop=\"false\" data-autoplay=\"false\" data-center=\"false\" data-nav=\"false\" data-dots=\"false\" data-autoplayspeed=\"1000\" data-margin=\"\"><div class=\"creativesplanet-element-inner\">\r\n\t\t<div class=\"cspt-ele-header-area\">\r\n\t\t\t\t<div class=\"cspt-heading-subheading center-align cspt-reverse-heading-yes\"><h4 class=\"cspt-element-subtitle\">\r\n\t\t\t\r\n\t\t\t\tNos comp\u00e9tences\r\n\t\t\t\r\n\t\t\t<\/h4>\r\n\t\t<h2 class=\"cspt-element-title\">\r\n\t\t\t\r\n\t\t\t\tTous nos domaines de comp\u00e9tences\r\n\t\t\t\r\n\t\t\t<\/h2>\r\n\t\t<\/div>\t\t<\/div>\r\n\r\n\t\t<div class=\"cspt-element-posts-wrapper row multi-columns-row\">\r\n\r\n\t\t<div class=\"cspt-ele cspt-miconheading-ele col-md-6 col-lg-3 \"><div class=\"cspt-ihbox cspt-ihbox-style-1 \">\r\n\t<div class=\"cspt-ihbox-icon\"><div class=\"cspt-ihbox-icon-wrapper cspt-ihbox-icon-type-image\"><img decoding=\"async\" src=\"http:\/\/stage.rt-ecologique.fr\/wp-content\/uploads\/2022\/02\/Sans-titre-48.png\" alt=\"Pompe \u00e0 chaleur\" \/><\/div><\/div>\t<div class=\"cspt-ihbox-contents\">\r\n\t\t<h2 class=\"cspt-element-title\">\r\n\t\t\t\t\r\n\t\t\t\t\tPompe \u00e0 chaleur\r\n\t\t\t\t\r\n\t\t\t\t<\/h2>\r\n\t\t\t\t\t\t\t<div class=\"cspt-heading-desc\">Air - Eau \/ Air - Air\nInstallation et entretien de pompes \u00e0 chaleur (Daikin, Ariston, Atlantic...)<\/div>\t\t\t<\/div><!-- .cspt-ihbox-contents -->\r\n<\/div>\r\n<\/div><div class=\"cspt-ele cspt-miconheading-ele col-md-6 col-lg-3 \"><div class=\"cspt-ihbox cspt-ihbox-style-1 \">\r\n\t<div class=\"cspt-ihbox-icon\"><div class=\"cspt-ihbox-icon-wrapper\"><i class=\"cspt-greenly-icon cspt-greenly-icon-planet-earth\"><\/i><\/div><\/div>\t<div class=\"cspt-ihbox-contents\">\r\n\t\t<h2 class=\"cspt-element-title\">\r\n\t\t\t\t\r\n\t\t\t\t\tIsolation\r\n\t\t\t\t\r\n\t\t\t\t<\/h2>\r\n\t\t\t\t\t\t\t<div class=\"cspt-heading-desc\">Isolation thermique par \u00e9xterieur, des combles, des rampants de toitures et du sous sol<\/div>\t\t\t<\/div><!-- .cspt-ihbox-contents -->\r\n<\/div>\r\n<\/div><div class=\"cspt-ele cspt-miconheading-ele col-md-6 col-lg-3 \"><div class=\"cspt-ihbox cspt-ihbox-style-1 \">\r\n\t<div class=\"cspt-ihbox-icon\"><div class=\"cspt-ihbox-icon-wrapper\"><i class=\"cspt-greenly-icon cspt-greenly-icon-solar-panel-1\"><\/i><\/div><\/div>\t<div class=\"cspt-ihbox-contents\">\r\n\t\t<h2 class=\"cspt-element-title\">\r\n\t\t\t\t\r\n\t\t\t\t\tPanneaux solaires\r\n\t\t\t\t\r\n\t\t\t\t<\/h2>\r\n\t\t\t\t\t\t\t<div class=\"cspt-heading-desc\">Produisez votre propre energie solaire avec nos panneau solaire auto consommation <\/div>\t\t\t<\/div><!-- .cspt-ihbox-contents -->\r\n<\/div>\r\n<\/div><div class=\"cspt-ele cspt-miconheading-ele col-md-6 col-lg-3 \"><div class=\"cspt-ihbox cspt-ihbox-style-1 \">\r\n\t<div class=\"cspt-ihbox-icon\"><div class=\"cspt-ihbox-icon-wrapper\"><i class=\"cspt-greenly-icon cspt-greenly-icon-save-water\"><\/i><\/div><\/div>\t<div class=\"cspt-ihbox-contents\">\r\n\t\t<h2 class=\"cspt-element-title\">\r\n\t\t\t\t\r\n\t\t\t\t\tProduction ECS\r\n\t\t\t\t\r\n\t\t\t\t<\/h2>\r\n\t\t\t\t\t\t\t<div class=\"cspt-heading-desc\">Installation de chauffe eau solaire et ballon thermodynamique\n\n<\/div>\t\t\t<\/div><!-- .cspt-ihbox-contents -->\r\n<\/div>\r\n<\/div>\r\n\t\t<\/div>\r\n\r\n\t\t<\/div><!-- .creativesplanet-element-inner -->   <\/div><!-- .creativesplanet-element -->  \t\t\t\t<\/div>\n\t\t\t\t<\/div>\n\t\t\t\t\t<\/div>\n\t\t<\/div>\n\t\t\t\t\t<\/div>\n\t\t<\/section>\n\t\t\t\t<section class=\"elementor-section elementor-top-section elementor-element elementor-element-d1e19ba elementor-section-stretched cspt-col-stretched-none cspt-bg-color-over-image elementor-section-boxed elementor-section-height-default elementor-section-height-default\" data-id=\"d1e19ba\" data-element_type=\"section\" data-settings=\"{&quot;stretch_section&quot;:&quot;section-stretched&quot;,&quot;background_background&quot;:&quot;classic&quot;}\">\n\t\t\t\t\t\t<div class=\"elementor-container elementor-column-gap-default\">\n\t\t\t\t\t<div class=\"elementor-column elementor-col-50 elementor-top-column elementor-element elementor-element-6fb59eb cspt-bg-color-over-image\" data-id=\"6fb59eb\" data-element_type=\"column\">\n\t\t\t<div class=\"elementor-widget-wrap\">\n\t\t\t\t\t\t\t<\/div>\n\t\t<\/div>\n\t\t\t\t<div class=\"elementor-column elementor-col-50 elementor-top-column elementor-element elementor-element-adecb42 cspt-bg-color-over-image\" data-id=\"adecb42\" data-element_type=\"column\">\n\t\t\t<div class=\"elementor-widget-wrap elementor-element-populated\">\n\t\t\t\t\t\t<div class=\"elementor-element elementor-element-18779db elementor-widget elementor-widget-cspt_testimonial_element\" data-id=\"18779db\" data-element_type=\"widget\" data-widget_type=\"cspt_testimonial_element.default\">\n\t\t\t\t<div class=\"elementor-widget-container\">\n\t\t\t\t\t\r\n\t\t<div class=\"creativesplanet-element creativesplanet-element-testimonial cspt-element-testimonial-style-1 creativesplanet-element-viewtype-carousel creativesplanet-gap-15px\" data-show=\"3\" data-columns=\"1\" data-loop=\"false\" data-autoplay=\"false\" data-center=\"false\" data-nav=\"false\" data-dots=\"true\" data-autoplayspeed=\"1000\" data-margin=\"15px\"><div class=\"creativesplanet-element-inner\">\r\n\t\t\r\n\t\t\t<div class=\"cspt-ele-header-area\">\r\n\t\t\t\t\t<div class=\"cspt-heading-subheading -align \"><\/div>\r\n\t\t\t\t\r\n\t\t\t<\/div>\r\n\r\n\t\t\t<div class=\"cspt-element-posts-wrapper row multi-columns-row\">\r\n\r\n\t\t\t<div class=\"cspt-ele cspt-testimonial-ele col-md-12 \"><article class=\"creativesplanet-ele creativesplanet-ele-testimonial cspt-testimonial-style-1 cspt-testimonial-active\"><div class=\"creativesplanet-post-item\">\r\n\t<div class=\"creativesplanet-box-content\">\t\t\r\n\t\t<div class=\"creativesplanet-box-desc\">\r\n\t\t\t<blockquote class=\"creativesplanet-testimonial-text\"><p>\u00c9quipe au top, ils s&rsquo;occupent de tout et le boulot est nickel. merci \u00e0 vous, \u00e7a fait plaisir de voir une entreprise s\u00e9rieuse meme pour moins de 1000\u20ac<\/p>\n<\/blockquote>\r\n\t\t<\/div>\t\t\r\n\t\t<div class=\"creativesplanet-box-author\">\t\r\n\t\t    <div class=\"creativesplanet-box-img\"><div class=\"cspt-featured-wrapper\"><a href=\"https:\/\/stage.rt-ecologique.fr\/?cspt-testimonial=bouhier-bruno-a-dreffeac-44\"><img decoding=\"async\" width=\"150\" height=\"150\" src=\"https:\/\/stage.rt-ecologique.fr\/wp-content\/uploads\/2022\/02\/Sans-titre-46-150x150.png\" class=\"attachment-thumbnail size-thumbnail wp-post-image\" alt=\"\" srcset=\"https:\/\/stage.rt-ecologique.fr\/wp-content\/uploads\/2022\/02\/Sans-titre-46-150x150.png 150w, https:\/\/stage.rt-ecologique.fr\/wp-content\/uploads\/2022\/02\/Sans-titre-46-770x770.png 770w, https:\/\/stage.rt-ecologique.fr\/wp-content\/uploads\/2022\/02\/Sans-titre-46-300x300.png 300w\" sizes=\"(max-width: 150px) 100vw, 150px\" data-id=\"18950\" \/><\/a><\/div><\/div>\t\r\n\t\t\t<h3 class=\"creativesplanet-box-title\">Bouhier Bruno \u00e0 Dreffeac (44)<\/h3>\t\t\t\r\n\t\t\t\t\t\t\t\t<\/div>\r\n\t<\/div>\t\r\n<\/div><\/article><\/div><div class=\"cspt-ele cspt-testimonial-ele col-md-12 \"><article class=\"creativesplanet-ele creativesplanet-ele-testimonial cspt-testimonial-style-1\"><div class=\"creativesplanet-post-item\">\r\n\t<div class=\"creativesplanet-box-content\">\t\t\r\n\t\t<div class=\"creativesplanet-box-desc\">\r\n\t\t\t<blockquote class=\"creativesplanet-testimonial-text\"><p>Technicien arriv\u00e9 \u00e0 8h, \u00e9quipe tr\u00e8s comp\u00e9tente et travail irr\u00e9prochable, je recommande ! Merci \u00e0 Virgil !<\/p>\n<\/blockquote>\r\n\t\t<\/div>\t\t\r\n\t\t<div class=\"creativesplanet-box-author\">\t\r\n\t\t    <div class=\"creativesplanet-box-img\"><div class=\"cspt-featured-wrapper\"><a href=\"https:\/\/stage.rt-ecologique.fr\/?cspt-testimonial=baron-jean-luc-a-montrevault-49\"><img decoding=\"async\" width=\"150\" height=\"150\" src=\"https:\/\/stage.rt-ecologique.fr\/wp-content\/uploads\/2022\/02\/2-150x150.png\" class=\"attachment-thumbnail size-thumbnail wp-post-image\" alt=\"\" srcset=\"https:\/\/stage.rt-ecologique.fr\/wp-content\/uploads\/2022\/02\/2-150x150.png 150w, https:\/\/stage.rt-ecologique.fr\/wp-content\/uploads\/2022\/02\/2-770x770.png 770w, https:\/\/stage.rt-ecologique.fr\/wp-content\/uploads\/2022\/02\/2-300x300.png 300w\" sizes=\"(max-width: 150px) 100vw, 150px\" data-id=\"18945\" \/><\/a><\/div><\/div>\t\r\n\t\t\t<h3 class=\"creativesplanet-box-title\">Baron Jean-Luc \u00e0 Montrevault (49)<\/h3>\t\t\t\r\n\t\t\t\t\t\t\t\t<\/div>\r\n\t<\/div>\t\r\n<\/div><\/article><\/div><div class=\"cspt-ele cspt-testimonial-ele col-md-12 \"><article class=\"creativesplanet-ele creativesplanet-ele-testimonial cspt-testimonial-style-1\"><div class=\"creativesplanet-post-item\">\r\n\t<div class=\"creativesplanet-box-content\">\t\t\r\n\t\t<div class=\"creativesplanet-box-desc\">\r\n\t\t\t<blockquote class=\"creativesplanet-testimonial-text\"><p>J&rsquo;ai install\u00e9 ma pompe \u00e0 chaleur et mon ballon solaire l&rsquo;ann\u00e9e derni\u00e8re, on m&rsquo;a conseill\u00e9 la marque Atlantic. J&rsquo;en suis tr\u00e8s satisfaite, j&rsquo;ai r\u00e9alis\u00e9 600 \u20ac d&rsquo;\u00e9conomies sur ma facture.<\/p>\n<\/blockquote>\r\n\t\t<\/div>\t\t\r\n\t\t<div class=\"creativesplanet-box-author\">\t\r\n\t\t    <div class=\"creativesplanet-box-img\"><div class=\"cspt-featured-wrapper\"><a href=\"https:\/\/stage.rt-ecologique.fr\/?cspt-testimonial=legalle-yollande\"><img decoding=\"async\" width=\"150\" height=\"150\" src=\"https:\/\/stage.rt-ecologique.fr\/wp-content\/uploads\/2022\/02\/1-150x150.png\" class=\"attachment-thumbnail size-thumbnail wp-post-image\" alt=\"\" srcset=\"https:\/\/stage.rt-ecologique.fr\/wp-content\/uploads\/2022\/02\/1-150x150.png 150w, https:\/\/stage.rt-ecologique.fr\/wp-content\/uploads\/2022\/02\/1-770x770.png 770w, https:\/\/stage.rt-ecologique.fr\/wp-content\/uploads\/2022\/02\/1-300x300.png 300w\" sizes=\"(max-width: 150px) 100vw, 150px\" data-id=\"18944\" \/><\/a><\/div><\/div>\t\r\n\t\t\t<h3 class=\"creativesplanet-box-title\">Legalle Yollande \u00e0 Baud (56)<\/h3>\t\t\t\r\n\t\t\t\t\t\t\t\t<\/div>\r\n\t<\/div>\t\r\n<\/div><\/article><\/div>\r\n\t\t\t<\/div>\r\n\r\n\t\t\t\r\n\t\t\r\n\t\t<\/div><!-- .creativesplanet-element-inner -->   <\/div><!-- .creativesplanet-element -->  \r\n\t    \t\t\t\t<\/div>\n\t\t\t\t<\/div>\n\t\t\t\t\t<\/div>\n\t\t<\/div>\n\t\t\t\t\t<\/div>\n\t\t<\/section>\n\t\t\t\t<section class=\"elementor-section elementor-top-section elementor-element elementor-element-3e7d43a cspt-bg-color-yes cspt-elementor-bg-color-light elementor-section-stretched cspt-col-stretched-none cspt-bg-color-over-image elementor-section-boxed elementor-section-height-default elementor-section-height-default\" data-id=\"3e7d43a\" data-element_type=\"section\" data-settings=\"{&quot;stretch_section&quot;:&quot;section-stretched&quot;}\">\n\t\t\t\t\t\t<div class=\"elementor-container elementor-column-gap-default\">\n\t\t\t\t\t<div class=\"elementor-column elementor-col-100 elementor-top-column elementor-element elementor-element-b9bb3d2 cspt-bg-color-over-image\" data-id=\"b9bb3d2\" data-element_type=\"column\">\n\t\t\t<div class=\"elementor-widget-wrap elementor-element-populated\">\n\t\t\t\t\t\t<div class=\"elementor-element elementor-element-97f0ac2 elementor-widget elementor-widget-heading\" data-id=\"97f0ac2\" data-element_type=\"widget\" data-widget_type=\"heading.default\">\n\t\t\t\t<div class=\"elementor-widget-container\">\n\t\t\t\t\t<h2 class=\"elementor-heading-title elementor-size-default\">Notre secteur d'intervention<\/h2>\t\t\t\t<\/div>\n\t\t\t\t<\/div>\n\t\t\t\t<div class=\"elementor-element elementor-element-39c0308 elementor-widget elementor-widget-image\" data-id=\"39c0308\" data-element_type=\"widget\" data-widget_type=\"image.default\">\n\t\t\t\t<div class=\"elementor-widget-container\">\n\t\t\t\t\t\t\t\t\t\t\t\t\t\t\t<img decoding=\"async\" src=\"https:\/\/stage.rt-ecologique.fr\/wp-content\/uploads\/elementor\/thumbs\/Capture-de\u0301cran-.-2024-05-16-a\u0300-16.01.35-qo8ys01jaf99sa6uddn445teshb9sbyebtnma03t68.jpeg\" title=\"Capture d\u2019e\u0301cran\u00a0. 2024-05-16 a\u0300 16.01.35\" alt=\"Capture d\u2019e\u0301cran\u00a0. 2024-05-16 a\u0300 16.01.35\" loading=\"lazy\" \/>\t\t\t\t\t\t\t\t\t\t\t\t\t\t\t<\/div>\n\t\t\t\t<\/div>\n\t\t\t\t\t<\/div>\n\t\t<\/div>\n\t\t\t\t\t<\/div>\n\t\t<\/section>\n\t\t\t\t<\/div>\n\t\t","protected":false},"excerpt":{"rendered":"<p>\u00c0 propos R\u00e9seau Transition Ecologique Implant\u00e9s depuis plus de 3 ans dans le domaine de la r\u00e9novation \u00e9nerg\u00e9tique, nous couvrons tout le secteur Nord-Ouest de la France avec plus de 500 chantiers \u00e0 notre actif. Au cours de ces ann\u00e9es, nous avons prouv\u00e9 notre efficacit\u00e9 en termes d&rsquo;am\u00e9lioration \u00e9nerg\u00e9tique. Toutes nos \u00e9quipes sont qualifi\u00e9s dans [&hellip;]<\/p>\n","protected":false},"author":1,"featured_media":0,"parent":0,"menu_order":8,"comment_status":"closed","ping_status":"closed","template":"","meta":{"_acf_changed":false,"footnotes":""},"class_list":["post-17357","page","type-page","status-publish","hentry"],"acf":[],"_links":{"self":[{"href":"https:\/\/stage.rt-ecologique.fr\/index.php?rest_route=\/wp\/v2\/pages\/17357","targetHints":{"allow":["GET"]}}],"collection":[{"href":"https:\/\/stage.rt-ecologique.fr\/index.php?rest_route=\/wp\/v2\/pages"}],"about":[{"href":"https:\/\/stage.rt-ecologique.fr\/index.php?rest_route=\/wp\/v2\/types\/page"}],"author":[{"embeddable":true,"href":"https:\/\/stage.rt-ecologique.fr\/index.php?rest_route=\/wp\/v2\/users\/1"}],"replies":[{"embeddable":true,"href":"https:\/\/stage.rt-ecologique.fr\/index.php?rest_route=%2Fwp%2Fv2%2Fcomments&post=17357"}],"version-history":[{"count":28,"href":"https:\/\/stage.rt-ecologique.fr\/index.php?rest_route=\/wp\/v2\/pages\/17357\/revisions"}],"predecessor-version":[{"id":19272,"href":"https:\/\/stage.rt-ecologique.fr\/index.php?rest_route=\/wp\/v2\/pages\/17357\/revisions\/19272"}],"wp:attachment":[{"href":"https:\/\/stage.rt-ecologique.fr\/index.php?rest_route=%2Fwp%2Fv2%2Fmedia&parent=17357"}],"curies":[{"name":"wp","href":"https:\/\/api.w.org\/{rel}","templated":true}]}}